{"id":43,"date":"2022-03-04T01:48:30","date_gmt":"2022-03-04T05:48:30","guid":{"rendered":"https:\/\/www.puma.do\/?page_id=43"},"modified":"2022-03-20T21:21:17","modified_gmt":"2022-03-21T01:21:17","slug":"cotizacion","status":"publish","type":"page","link":"https:\/\/www.puma.do\/en\/cotizacion\/","title":{"rendered":"Get a quote"},"content":{"rendered":"","protected":false},"excerpt":{"rendered":"","protected":false},"author":1,"featured_media":0,"parent":0,"menu_order":0,"comment_status":"closed","ping_status":"closed","template":"","meta":{"slim_seo":{"title":"Cotizaci\u00f3n - Puma Logistics","description":"Solicita tu cotizaci\u00f3n Est\u00e1s a un solo paso Llena los siguientes datos para que un ejecutivo comercial se contacte contigo a la mayor brevedad.&nbsp;"},"footnotes":""},"class_list":["post-43","page","type-page","status-publish","hentry"],"acf":[],"_links":{"self":[{"href":"https:\/\/www.puma.do\/en\/wp-json\/wp\/v2\/pages\/43","targetHints":{"allow":["GET"]}}],"collection":[{"href":"https:\/\/www.puma.do\/en\/wp-json\/wp\/v2\/pages"}],"about":[{"href":"https:\/\/www.puma.do\/en\/wp-json\/wp\/v2\/types\/page"}],"author":[{"embeddable":true,"href":"https:\/\/www.puma.do\/en\/wp-json\/wp\/v2\/users\/1"}],"replies":[{"embeddable":true,"href":"https:\/\/www.puma.do\/en\/wp-json\/wp\/v2\/comments?post=43"}],"version-history":[{"count":2,"href":"https:\/\/www.puma.do\/en\/wp-json\/wp\/v2\/pages\/43\/revisions"}],"predecessor-version":[{"id":113,"href":"https:\/\/www.puma.do\/en\/wp-json\/wp\/v2\/pages\/43\/revisions\/113"}],"wp:attachment":[{"href":"https:\/\/www.puma.do\/en\/wp-json\/wp\/v2\/media?parent=43"}],"curies":[{"name":"wp","href":"https:\/\/api.w.org\/{rel}","templated":true}]}}